{"id":35058,"date":"2024-08-21T18:16:04","date_gmt":"2024-08-21T18:16:04","guid":{"rendered":"https:\/\/soccer.aidatasports.com\/es\/?page_id=35058"},"modified":"2024-09-27T15:43:48","modified_gmt":"2024-09-27T15:43:48","slug":"tips-proximos","status":"publish","type":"page","link":"https:\/\/soccer.aidatasports.com\/es\/tips-proximos\/","title":{"rendered":"Tips pr\u00f3ximos"},"content":{"rendered":"\n<p>Haga clic en los equipos del partido para ver el an\u00e1lisis detallado y la informaci\u00f3n en la que se basa la predicci\u00f3n.<\/p>\n\n\n\n\r\n<h3>2 upcoming tips<\/h3><div style=\"overflow-x:auto !important;\"><table id=\"vpronosticosTable\" style=\"width:100%; border-collapse: collapse; margin-bottom: 20px;\"><thead style=\"background-color: #343a40; color: #fff;\"><tr><th style=\"padding: 10px; border: 1px solid #ddd;\">Pa\u00eds<\/th><th style=\"padding: 10px; border: 1px solid #ddd;\">Competici\u00f3n<\/th><th style=\"padding: 10px; border: 1px solid #ddd;\">Partido<\/th><th style=\"padding: 10px; border: 1px solid #ddd;\">Pron\u00f3stico Smart<\/th><th style=\"padding: 10px; border: 1px solid #ddd;\">Pron\u00f3stico Goles<\/th><th style=\"padding: 10px; border: 1px solid #ddd;\">Cuota Ganador<\/th><th style=\"padding: 10px; border: 1px solid #ddd;\">Cuota Empate<\/th><th style=\"padding: 10px; border: 1px solid #ddd;\">Cuota Goles<\/th><th style=\"padding: 10px; border: 1px solid #ddd;\">Fecha y Hora<\/th><\/tr><\/thead><tbody><tr style=\"background-color: #f9f9f9;\"><td style=\"padding: 10px; border: 1px solid #ddd;\">Ukraine<\/td><td style=\"padding: 10px; border: 1px solid #ddd;\">U19 League<\/td><td style=\"padding: 10px; border: 1px solid #ddd;\">Shakhtar Donetsk U19 vs Karpaty Lviv U19<\/td><td style=\"padding: 10px; border: 1px solid #ddd;\">Gana Shakhtar Donetsk U19.<\/td><td style=\"padding: 10px; border: 1px solid #ddd;\">+1.5 goals<\/td><td style=\"padding: 10px; border: 1px solid #ddd;\">1.39<\/td><td style=\"padding: 10px; border: 1px solid #ddd;\">1.19<\/td><td style=\"padding: 10px; border: 1px solid #ddd;\">1.1<\/td><td style=\"padding: 10px; border: 1px solid #ddd;\" class=\"utc-date\">2026-04-08 09:00:00<\/td><\/tr><tr style=\"background-color: #f9f9f9;\"><td style=\"padding: 10px; border: 1px solid #ddd;\">Scotland<\/td><td style=\"padding: 10px; border: 1px solid #ddd;\">Football League - Highland League<\/td><td style=\"padding: 10px; border: 1px solid #ddd;\"><a href=\"https:\/\/soccer.aidatasports.com\/es\/wp-content\/uploads\/2025\/10\/Haugesund-W_Odd_1356354pred-1.png\" target=\"_self\">Turriff United vs Inverurie Loco Works<\/a><\/td><td style=\"padding: 10px; border: 1px solid #ddd;\">Gana Turriff United.<\/td><td style=\"padding: 10px; border: 1px solid #ddd;\"><\/td><td style=\"padding: 10px; border: 1px solid #ddd;\"><\/td><td style=\"padding: 10px; border: 1px solid #ddd;\">0<\/td><td style=\"padding: 10px; border: 1px solid #ddd;\"><\/td><td style=\"padding: 10px; border: 1px solid #ddd;\" class=\"utc-date\">2026-04-08 19:00:00<\/td><\/tr><\/tbody><\/table><div id=\"paginationControls\"><\/div><\/div>\r\n    <script>\r\n        document.addEventListener(\"DOMContentLoaded\", function() {\r\n\t\tvar style = document.createElement(\"style\");\r\n    style.type = \"text\/css\";\r\n    style.appendChild(document.createTextNode(`\r\n        .pagination-button {\r\n            \r\n      \r\n            margin: 1px 1px;\r\n            cursor: pointer;\r\n        \r\n        }\r\n        .pagination-button.active {\r\n            background-color: #007bff;\r\n            color: white;\r\n \r\n        }\r\n        .pagination-button:hover {\r\n            background-color: #e2e6ea;\r\n        }\r\n    `));\r\n    document.head.appendChild(style);\r\n            function convertUTCToLocal(utcDateTime) {\r\n                var date = new Date(utcDateTime + \"Z\");\r\n                return date.toLocaleString(undefined, {\r\n                    month: \"short\",\r\n                    day: \"numeric\",\r\n                    hour: \"numeric\",\r\n                    minute: \"numeric\",\r\n                    hour12: true\r\n                });\r\n            }\r\n\r\n            var utcDates = document.querySelectorAll(\".utc-date\");\r\n            utcDates.forEach(function(cell) {\r\n                var utcDateTime = cell.textContent.trim();\r\n                cell.textContent = convertUTCToLocal(utcDateTime);\r\n            });\r\n\r\n    function paginateTable(tableId, rowsPerPage) {\r\n        var table = document.getElementById(tableId);\r\n        var rows = table.getElementsByTagName(\"tbody\")[0].getElementsByTagName(\"tr\");\r\n        var totalRows = rows.length;\r\n        var pageCount = Math.ceil(totalRows \/ rowsPerPage);\r\n        var paginationControls = document.getElementById(\"paginationControls\");\r\n\r\n        \/\/ Mostrar solo la primera p\u00e1gina inicialmente\r\n        for (var i = 0; i < totalRows; i++) {\r\n            rows[i].style.display = i < rowsPerPage ? \"\" : \"none\";\r\n        }\r\n\r\n        \/\/ Crear controles de paginaci\u00f3n\r\n        for (var page = 1; page <= pageCount; page++) {\r\n            var button = document.createElement(\"button\");\r\n            button.innerHTML = page;\r\n            button.classList.add(\"pagination-button\");\r\nbutton.onclick = (function(pageNumber, currentButton) { \/\/ Pasar el bot\u00f3n actual\r\n    return function() {\r\n        var start = (pageNumber - 1) * rowsPerPage;\r\n        var end = start + rowsPerPage;\r\n\r\n        for (var i = 0; i < totalRows; i++) {\r\n            rows[i].style.display = i >= start && i < end ? \"\" : \"none\";\r\n        }\r\n\r\n        \/\/ Resaltar el bot\u00f3n de la p\u00e1gina actual\r\n        var buttons = paginationControls.getElementsByTagName(\"button\");\r\n        for (var btn of buttons) {\r\n            btn.classList.remove(\"active\");\r\n        }\r\n        currentButton.classList.add(\"active\"); \/\/ Usar currentButton para marcar el bot\u00f3n correcto\r\n    };\r\n})(page, button); \/\/ Pasar el bot\u00f3n actual a la clausura\r\n\r\n            paginationControls.appendChild(button);\r\n        }\r\n\r\n        \/\/ Marcar el primer bot\u00f3n como activo por defecto\r\n        if (pageCount > 0) {\r\n            var firstButton = paginationControls.getElementsByTagName(\"button\")[0];\r\n            if (firstButton) {\r\n                firstButton.classList.add(\"active\");\r\n            }\r\n        }\r\n    }\r\n\r\n    \/\/ Llamada a la funci\u00f3n de paginaci\u00f3n\r\n    paginateTable(\"vpronosticosTable\", 50);\r\n        });\r\n    <\/script>\n\n\n\n<p><\/p>\n","protected":false},"excerpt":{"rendered":"<p>Haga clic en los equipos del partido para ver el an\u00e1lisis detallado y la informaci\u00f3n&hellip;<\/p>\n","protected":false},"author":1,"featured_media":0,"parent":0,"menu_order":0,"comment_status":"closed","ping_status":"closed","template":"","meta":{"content-type":"","_lmt_disableupdate":"","_lmt_disable":"","footnotes":""},"class_list":["post-35058","page","type-page","status-publish","hentry"],"_links":{"self":[{"href":"https:\/\/soccer.aidatasports.com\/es\/wp-json\/wp\/v2\/pages\/35058"}],"collection":[{"href":"https:\/\/soccer.aidatasports.com\/es\/wp-json\/wp\/v2\/pages"}],"about":[{"href":"https:\/\/soccer.aidatasports.com\/es\/wp-json\/wp\/v2\/types\/page"}],"author":[{"embeddable":true,"href":"https:\/\/soccer.aidatasports.com\/es\/wp-json\/wp\/v2\/users\/1"}],"replies":[{"embeddable":true,"href":"https:\/\/soccer.aidatasports.com\/es\/wp-json\/wp\/v2\/comments?post=35058"}],"version-history":[{"count":2,"href":"https:\/\/soccer.aidatasports.com\/es\/wp-json\/wp\/v2\/pages\/35058\/revisions"}],"predecessor-version":[{"id":62147,"href":"https:\/\/soccer.aidatasports.com\/es\/wp-json\/wp\/v2\/pages\/35058\/revisions\/62147"}],"wp:attachment":[{"href":"https:\/\/soccer.aidatasports.com\/es\/wp-json\/wp\/v2\/media?parent=35058"}],"curies":[{"name":"wp","href":"https:\/\/api.w.org\/{rel}","templated":true}]}}